{"id":4004,"date":"2020-12-27T11:42:58","date_gmt":"2020-12-27T11:42:58","guid":{"rendered":"https:\/\/lamomemarrakech.com\/?page_id=4004"},"modified":"2025-12-13T09:18:18","modified_gmt":"2025-12-13T09:18:18","slug":"menu","status":"publish","type":"page","link":"https:\/\/lamomemarrakech.com\/en\/menu\/","title":{"rendered":"Menu"},"content":{"rendered":"<div data-elementor-type=\"wp-page\" data-elementor-id=\"4004\" class=\"elementor elementor-4004\">\n\t\t\t\t\t\t<section class=\"elementor-section elementor-top-section elementor-element elementor-element-7f38f8f elementor-section-boxed elementor-section-height-default elementor-section-height-default sc_fly_static\" data-id=\"7f38f8f\" data-element_type=\"section\">\n\t\t\t\t\t\t<div class=\"elementor-container elementor-column-gap-extended\">\n\t\t\t\t\t<div class=\"elementor-column elementor-col-100 elementor-top-column elementor-element elementor-element-4b3608f sc_content_align_inherit sc_layouts_column_icons_position_left sc_fly_static\" data-id=\"4b3608f\" data-element_type=\"column\">\n\t\t\t<div class=\"elementor-widget-wrap elementor-element-populated\">\n\t\t\t\t\t\t<div class=\"elementor-element elementor-element-7dae569 sc_height_huge sc_fly_static elementor-widget elementor-widget-spacer\" data-id=\"7dae569\" data-element_type=\"widget\" data-widget_type=\"spacer.default\">\n\t\t\t\t<div class=\"elementor-widget-container\">\n\t\t\t\t\t\t\t<div class=\"elementor-spacer\">\n\t\t\t<div class=\"elementor-spacer-inner\"><\/div>\n\t\t<\/div>\n\t\t\t\t\t\t<\/div>\n\t\t\t\t<\/div>\n\t\t\t\t<div class=\"elementor-element elementor-element-0025740 sc_fly_static elementor-widget elementor-widget-heading\" data-id=\"0025740\" data-element_type=\"widget\" data-widget_type=\"heading.default\">\n\t\t\t\t<div class=\"elementor-widget-container\">\n\t\t\t\t\t<h2 class=\"elementor-heading-title elementor-size-default\"><span class=\"titre_he\">N<\/span> otre Carte<\/h2>\t\t\t\t<\/div>\n\t\t\t\t<\/div>\n\t\t\t\t<div class=\"elementor-element elementor-element-52d8a99 sc_fly_static elementor-widget elementor-widget-text-editor\" data-id=\"52d8a99\" data-element_type=\"widget\" data-widget_type=\"text-editor.default\">\n\t\t\t\t<div class=\"elementor-widget-container\">\n\t\t\t\t\t\t\t\t\t<p>D\u00e9couvrez l\u2019art culinaire fran\u00e7ais au c\u0153ur de Marrakech. Des recettes raffin\u00e9es, des produits d\u2019exception et une touche parisienne pour une exp\u00e9rience unique.<\/p>\t\t\t\t\t\t\t\t<\/div>\n\t\t\t\t<\/div>\n\t\t\t\t<div class=\"elementor-element elementor-element-a9eb0b7 sc_height_small sc_fly_static elementor-widget elementor-widget-spacer\" data-id=\"a9eb0b7\" data-element_type=\"widget\" data-widget_type=\"spacer.default\">\n\t\t\t\t<div class=\"elementor-widget-container\">\n\t\t\t\t\t\t\t<div class=\"elementor-spacer\">\n\t\t\t<div class=\"elementor-spacer-inner\"><\/div>\n\t\t<\/div>\n\t\t\t\t\t\t<\/div>\n\t\t\t\t<\/div>\n\t\t\t\t<section class=\"elementor-section elementor-inner-section elementor-element elementor-element-d3a7c76 elementor-section-boxed elementor-section-height-default elementor-section-height-default sc_fly_static\" data-id=\"d3a7c76\" data-element_type=\"section\">\n\t\t\t\t\t\t<div class=\"elementor-container elementor-column-gap-extended\">\n\t\t\t\t\t<div class=\"elementor-column elementor-col-33 elementor-inner-column elementor-element elementor-element-0e4e8b9 sc_content_align_inherit sc_layouts_column_icons_position_left sc_fly_static\" data-id=\"0e4e8b9\" data-element_type=\"column\">\n\t\t\t<div class=\"elementor-widget-wrap elementor-element-populated\">\n\t\t\t\t\t\t\t<\/div>\n\t\t<\/div>\n\t\t\t\t<div class=\"elementor-column elementor-col-33 elementor-inner-column elementor-element elementor-element-6a162c3 sc_content_align_inherit sc_layouts_column_icons_position_left sc_fly_static\" data-id=\"6a162c3\" data-element_type=\"column\">\n\t\t\t<div class=\"elementor-widget-wrap elementor-element-populated\">\n\t\t\t\t\t\t<div class=\"elementor-element elementor-element-5210de7 with-elementor-animation-shrink sc_fly_static elementor-widget elementor-widget-image\" data-id=\"5210de7\" data-element_type=\"widget\" data-widget_type=\"image.default\">\n\t\t\t\t<div class=\"elementor-widget-container\">\n\t\t\t\t\t\t\t\t\t\t\t\t\t\t\t\t<a href=\"http:\/\/lamomemarrakech.com\/wp-content\/uploads\/2025\/11\/menu-la-mome-Fr.pdf\">\n\t\t\t\t\t\t\t<img fetchpriority=\"high\" decoding=\"async\" width=\"544\" height=\"800\" src=\"https:\/\/lamomemarrakech.com\/wp-content\/uploads\/2025\/09\/menu-francais@.png\" class=\"elementor-animation-shrink attachment-large size-large wp-image-21324\" alt=\"\" srcset=\"https:\/\/lamomemarrakech.com\/wp-content\/uploads\/2025\/09\/menu-francais@.png 544w, https:\/\/lamomemarrakech.com\/wp-content\/uploads\/2025\/09\/menu-francais@-204x300.png 204w, https:\/\/lamomemarrakech.com\/wp-content\/uploads\/2025\/09\/menu-francais@-8x12.png 8w, https:\/\/lamomemarrakech.com\/wp-content\/uploads\/2025\/09\/menu-francais@-370x544.png 370w, https:\/\/lamomemarrakech.com\/wp-content\/uploads\/2025\/09\/menu-francais@-410x603.png 410w\" sizes=\"(max-width: 600px) 100vw, 544px\" \/>\t\t\t\t\t\t\t\t<\/a>\n\t\t\t\t\t\t\t\t\t\t\t\t\t\t\t<\/div>\n\t\t\t\t<\/div>\n\t\t\t\t\t<\/div>\n\t\t<\/div>\n\t\t\t\t<div class=\"elementor-column elementor-col-33 elementor-inner-column elementor-element elementor-element-7023888 sc_content_align_inherit sc_layouts_column_icons_position_left sc_fly_static\" data-id=\"7023888\" data-element_type=\"column\">\n\t\t\t<div class=\"elementor-widget-wrap elementor-element-populated\">\n\t\t\t\t\t\t\t<\/div>\n\t\t<\/div>\n\t\t\t\t\t<\/div>\n\t\t<\/section>\n\t\t\t\t<div class=\"elementor-element elementor-element-79d3e17 sc_fly_static elementor-widget elementor-widget-html\" data-id=\"79d3e17\" data-element_type=\"widget\" data-widget_type=\"html.default\">\n\t\t\t\t<div class=\"elementor-widget-container\">\n\t\t\t\t\t<style>\n  .elementor-4004 .elementor-element.elementor-element-03b4057 \n     img.lazy {\n     opacity: 0;\n     transform: scale(0.7) rotate(-3deg);\n     transform-origin: center;\n     transition: opacity 1s ease, transform 1s ease;\n}\n\n.elementor-4004 .elementor-element.elementor-element-03b4057.lazy.show {\n  opacity: 1;\n  transform: scale(1) rotate(0deg);\n}\n\n@keyframes openRose {\n  0% {\n    transform: scale(0.7) rotate(-3deg);\n    opacity: 0;\n  }\n  50% {\n    transform: scale(1.05) rotate(1deg);\n    opacity: 0.6;\n  }\n  100% {\n    transform: scale(1) rotate(0deg);\n    opacity: 1;\n  }\n}\n<\/style>\n\n<script>\n    document.addEventListener(\"DOMContentLoaded\", function() {\n  const images = document.querySelectorAll('.lazy');\n  \n  const observer = new IntersectionObserver((entries, observer) => {\n    entries.forEach(entry => {\n      if (entry.isIntersecting) {\n        entry.target.classList.add('show');  \/\/ Ajoute la classe pour l'animation\n        observer.unobserve(entry.target);   \/\/ Arr\u00eate d'observer l'\u00e9l\u00e9ment une fois qu'il est visible\n      }\n    });\n  }, { threshold: 0.5 });  \/\/ 50% de l'image visible avant de l'afficher\n  \n  images.forEach(image => {\n    observer.observe(image);\n  });\n});\n\n<\/script>\t\t\t\t<\/div>\n\t\t\t\t<\/div>\n\t\t\t\t<div class=\"elementor-element elementor-element-7e7439a sc_height_small sc_fly_static elementor-widget elementor-widget-spacer\" data-id=\"7e7439a\" data-element_type=\"widget\" data-widget_type=\"spacer.default\">\n\t\t\t\t<div class=\"elementor-widget-container\">\n\t\t\t\t\t\t\t<div class=\"elementor-spacer\">\n\t\t\t<div class=\"elementor-spacer-inner\"><\/div>\n\t\t<\/div>\n\t\t\t\t\t\t<\/div>\n\t\t\t\t<\/div>\n\t\t\t\t\t<\/div>\n\t\t<\/div>\n\t\t\t\t\t<\/div>\n\t\t<\/section>\n\t\t\t\t<\/div>","protected":false},"excerpt":{"rendered":"<p>N otre Carte D\u00e9couvrez l\u2019art culinaire fran\u00e7ais au c\u0153ur de Marrakech. Des recettes raffin\u00e9es, des produits d\u2019exception et une touche parisienne pour une exp\u00e9rience unique.<\/p>","protected":false},"author":1,"featured_media":0,"parent":0,"menu_order":0,"comment_status":"closed","ping_status":"closed","template":"","meta":{"footnotes":""},"class_list":["post-4004","page","type-page","status-publish","hentry"],"_links":{"self":[{"href":"https:\/\/lamomemarrakech.com\/en\/wp-json\/wp\/v2\/pages\/4004","targetHints":{"allow":["GET"]}}],"collection":[{"href":"https:\/\/lamomemarrakech.com\/en\/wp-json\/wp\/v2\/pages"}],"about":[{"href":"https:\/\/lamomemarrakech.com\/en\/wp-json\/wp\/v2\/types\/page"}],"author":[{"embeddable":true,"href":"https:\/\/lamomemarrakech.com\/en\/wp-json\/wp\/v2\/users\/1"}],"replies":[{"embeddable":true,"href":"https:\/\/lamomemarrakech.com\/en\/wp-json\/wp\/v2\/comments?post=4004"}],"version-history":[{"count":383,"href":"https:\/\/lamomemarrakech.com\/en\/wp-json\/wp\/v2\/pages\/4004\/revisions"}],"predecessor-version":[{"id":21354,"href":"https:\/\/lamomemarrakech.com\/en\/wp-json\/wp\/v2\/pages\/4004\/revisions\/21354"}],"wp:attachment":[{"href":"https:\/\/lamomemarrakech.com\/en\/wp-json\/wp\/v2\/media?parent=4004"}],"curies":[{"name":"wp","href":"https:\/\/api.w.org\/{rel}","templated":true}]}}